{"id":38,"date":"2018-06-04T23:58:32","date_gmt":"2018-06-04T21:58:32","guid":{"rendered":"http:\/\/81.89.102.160\/webcam-meiningen\/?page_id=38"},"modified":"2018-06-04T23:58:32","modified_gmt":"2018-06-04T21:58:32","slug":"herzlich-willkommen","status":"publish","type":"page","link":"https:\/\/webcam-meiningen.de\/","title":{"rendered":"Herzlich Willkommen"},"content":{"rendered":"<p><strong>.. auf der Webseite Webcam Meiningen,<\/strong><\/p>\n<p><strong>Wir pr\u00e4sentieren Webcam\u00b4s,Infos und n\u00fctzliches rund um die Stadt Meiningen\u00a0<\/strong><\/p>\n<p><strong>Meiningen<\/strong>\u00a0ist eine\u00a0Kreisstadt\u00a0und bekannte Kulturstadt im\u00a0fr\u00e4nkisch gepr\u00e4gten S\u00fcden von\u00a0Th\u00fcringen.<\/p>\n<p>Meiningen ist ein\u00a0Mittelzentrum\u00a0und die gr\u00f6\u00dfte Stadt im\u00a0Landkreis Schmalkalden-Meiningen\u00a0und gilt als das\u00a0Kultur- und Justizzentrum\u00a0S\u00fcdth\u00fcringens. Die\u00a0Mittelstadt\u00a0st\u00fctzt sich wirtschaftlich im Wesentlichen auf die\u00a0Hightech-Branche, den Maschinenbau, den Tourismus sowie auf verschiedene Gesundheitseinrichtungen.<\/p>\n<p>Das zur Region\u00a0Franken\u00a0geh\u00f6rende Meiningen liegt an der\u00a0Werra, besitzt im Stadtzentrum ausgedehnte Parkanlagen und zahlreiche\u00a0klassizistische\u00a0Bauwerke. Die noch von den mittelalterlichen\u00a0Wassergr\u00e4ben\u00a0der einstigen Stadtbefestigung umschlossene\u00a0historische Altstadt\u00a0wird von einem\u00a0eklektizistischen\u00a0Stadtviertel und\u00a0Fachwerkbauten\u00a0sowie B\u00fcrgerh\u00e4usern gepr\u00e4gt.<\/p>\n<p>Meiningen wurde 982 erstmals urkundlich erw\u00e4hnt und geh\u00f6rte \u00fcber ein halbes Jahrtausend zum\u00a0Hochstift W\u00fcrzburg. Auf Grund seiner g\u00fcnstigen Lage entwickelte es sich bald zur bedeutendsten Stadt im heutigen s\u00fcdth\u00fcringer Raum. Diese Position konnte sie ab 1583 als Verwaltungssitz des\u00a0Henneberger Landes\u00a0und ab 1680 als Haupt- und Residenzstadt des Herzogtums\u00a0Sachsen-Meiningen\u00a0bis in das 20. Jahrhundert behaupten. Bekannt wurde die Stadt auch durch eine tiefgreifende Theaterreform unter Herzog\u00a0Georg II.\u00a0und eine gro\u00dfe Bl\u00fctezeit der\u00a0Meininger Hofkapelle\u00a0unter der F\u00fchrung bekannter Dirigenten wie\u00a0Hans von B\u00fclow\u00a0und\u00a0Max Reger.<\/p>\n<p>(Quelle:\u00a0<a href=\"http:\/\/de.wikipedia.org\/wiki\/Meiningen\" target=\"_blank\" rel=\"noopener\">Wikipedia<\/a>)<\/p>\n","protected":false},"excerpt":{"rendered":"<p>.. auf der Webseite Webcam Meiningen, Wir pr\u00e4sentieren Webcam\u00b4s,Infos und n\u00fctzliches rund um die Stadt Meiningen\u00a0 Meiningen\u00a0ist eine\u00a0Kreisstadt\u00a0und bekannte Kulturstadt im\u00a0fr\u00e4nkisch gepr\u00e4gten S\u00fcden von\u00a0Th\u00fcringen. Meiningen ist ein\u00a0Mittelzentrum\u00a0und die gr\u00f6\u00dfte Stadt im\u00a0Landkreis Schmalkalden-Meiningen\u00a0und gilt als das\u00a0Kultur- und Justizzentrum\u00a0S\u00fcdth\u00fcringens. Die\u00a0Mittelstadt\u00a0st\u00fctzt sich wirtschaftlich im Wesentlichen auf die\u00a0Hightech-Branche, den Maschinenbau, den Tourismus sowie auf verschiedene Gesundheitseinrichtungen. Das zur Region\u00a0Franken\u00a0geh\u00f6rende&hellip;&nbsp;<a href=\"https:\/\/webcam-meiningen.de\/\" rel=\"bookmark\"><span class=\"screen-reader-text\">Herzlich Willkommen<\/span><\/a><\/p>\n","protected":false},"author":1,"featured_media":0,"parent":0,"menu_order":0,"comment_status":"closed","ping_status":"closed","template":"","meta":{"neve_meta_sidebar":"","neve_meta_container":"","neve_meta_enable_content_width":"","neve_meta_content_width":0,"neve_meta_title_alignment":"","neve_meta_author_avatar":"","neve_post_elements_order":"","neve_meta_disable_header":"","neve_meta_disable_footer":"","neve_meta_disable_title":"","neve_meta_reading_time":"","footnotes":""},"class_list":["post-38","page","type-page","status-publish","hentry"],"_links":{"self":[{"href":"https:\/\/webcam-meiningen.de\/index.php?rest_route=\/wp\/v2\/pages\/38","targetHints":{"allow":["GET"]}}],"collection":[{"href":"https:\/\/webcam-meiningen.de\/index.php?rest_route=\/wp\/v2\/pages"}],"about":[{"href":"https:\/\/webcam-meiningen.de\/index.php?rest_route=\/wp\/v2\/types\/page"}],"author":[{"embeddable":true,"href":"https:\/\/webcam-meiningen.de\/index.php?rest_route=\/wp\/v2\/users\/1"}],"replies":[{"embeddable":true,"href":"https:\/\/webcam-meiningen.de\/index.php?rest_route=%2Fwp%2Fv2%2Fcomments&post=38"}],"version-history":[{"count":0,"href":"https:\/\/webcam-meiningen.de\/index.php?rest_route=\/wp\/v2\/pages\/38\/revisions"}],"wp:attachment":[{"href":"https:\/\/webcam-meiningen.de\/index.php?rest_route=%2Fwp%2Fv2%2Fmedia&parent=38"}],"curies":[{"name":"wp","href":"https:\/\/api.w.org\/{rel}","templated":true}]}}